{"id":932,"date":"2019-03-21T11:00:36","date_gmt":"2019-03-21T10:00:36","guid":{"rendered":"https:\/\/www.portedeluxembourg.lu\/le-batiment\/"},"modified":"2021-10-26T11:15:07","modified_gmt":"2021-10-26T09:15:07","slug":"the-building","status":"publish","type":"page","link":"https:\/\/www.portedeluxembourg.lu\/en\/the-building\/","title":{"rendered":"The Building"},"content":{"rendered":"<p>[vc_row remove_margin_bottom=&#8221;yes&#8221; remove_padding_top=&#8221;yes&#8221; css=&#8221;.vc_custom_1553525929553{margin-bottom: 0px !important;padding-bottom: 0px !important;}&#8221;][vc_column][vc_row_inner gap=&#8221;35&#8243; disable_element=&#8221;yes&#8221;][vc_column_inner width=&#8221;1\/2&#8243;][vc_column_text]<span style=\"font-size: 18px;\">\u00ab<strong>Porte de Luxembourg<\/strong>\u00bb est un <strong>nouveau concept immobilier<\/strong> situ\u00e9 au <strong><a href=\"https:\/\/www.google.com\/maps\/place\/60+Route+de+Tr%C3%A8ves,+2633+Senningerberg\/@49.6437734,6.231605,12z\/data=!4m5!3m4!1s0x479545a989905e9b:0x5ce4b50548f6212e!8m2!3d49.6450968!4d6.2237092\" target=\"_blank\" rel=\"noopener noreferrer\">60, route de Tr\u00e8ves \u00e0 Senningerberg &#8211; Luxembourg<\/a><\/strong>, aux portes de la capitale luxembourgeoise et \u00e0 deux pas de l\u2019a\u00e9roport de Luxembourg.<\/span><\/p>\n<p>Facile d\u2019acc\u00e8s et enti\u00e8rement neuf, ce building se compose de locaux \u00e0 louer d\u2019une surface variable <strong>destin\u00e9 aux professionnels de diff\u00e9rents domaines<\/strong> comme le secteur des affaires, du commerce international, de l\u2019industrie, mais \u00e9galement de la banque, de l\u2019assurance, de la finance, cabinets comptables, investisseurs immobiliers et financiers ou tout autre professionnels souhaitant s\u2019\u00e9tablir \u00e0 Luxembourg.<\/p>\n<p>Le choix de la d\u00e9nomination \u00abPorte de Luxembourg\u00bb par la soci\u00e9t\u00e9 ROUDEMER SCI, concepteur, propri\u00e9taire et bailleur du building et de la soci\u00e9t\u00e9 <a href=\"#\">Gate to Luxembourg SA<\/a>, capable de fournir \u00e9galement toute l\u2019<strong>assistance administrative et de secr\u00e9tariat<\/strong>, n\u2019est pas anodin et constitue une r\u00e9elle philosophie et une r\u00e9elle strat\u00e9gie pour l\u2019avenir \u00e0 cet <strong>endroit strat\u00e9gique<\/strong>, aux portes de Luxembourg.[\/vc_column_text][\/vc_column_inner][vc_column_inner width=&#8221;1\/2&#8243;]\n\t\t\t<!-- START Slider Batiment REVOLUTION SLIDER 6.5.8 --><p class=\"rs-p-wp-fix\"><\/p>\n\t\t\t<rs-module-wrap id=\"rev_slider_2_1_wrapper\" data-source=\"gallery\" style=\"visibility:hidden;background:transparent;padding:0;margin:0px auto;margin-top:0;margin-bottom:0;max-width:;\">\n\t\t\t\t<rs-module id=\"rev_slider_2_1\" style=\"\" data-version=\"6.5.8\">\n\t\t\t\t\t<rs-slides>\n\t\t\t\t\t\t<rs-slide style=\"position: absolute;\" data-key=\"rs-3\" data-title=\"Slide\" data-thumb=\"\/\/www.portedeluxembourg.lu\/wp-content\/uploads\/2019\/03\/Rendering_Porte_de_Luxembourg_1_plan-100x50.jpg\" data-anim=\"ms:600;\" data-in=\"o:0;\" data-out=\"a:false;\">\n\t\t\t\t\t\t\t<img src=\"\/\/www.portedeluxembourg.lu\/wp-content\/plugins\/revslider\/public\/assets\/assets\/dummy.png\" title=\"The Building\" class=\"rev-slidebg tp-rs-img rs-lazyload\" data-lazyload=\"\/\/www.portedeluxembourg.lu\/wp-content\/uploads\/2019\/03\/Rendering_Porte_de_Luxembourg_1_plan.jpg\" data-parallax=\"off\" data-no-retina>\n<!---->\t\t\t\t\t\t<\/rs-slide>\n\t\t\t\t\t\t<rs-slide style=\"position: absolute;\" data-key=\"rs-4\" data-title=\"Slide\" data-thumb=\"\/\/www.portedeluxembourg.lu\/wp-content\/uploads\/2019\/03\/Porte_de_Luxembourg_Renering_low-100x50.jpg\" data-anim=\"ms:600;\" data-in=\"o:0;\" data-out=\"a:false;\">\n\t\t\t\t\t\t\t<img src=\"\/\/www.portedeluxembourg.lu\/wp-content\/plugins\/revslider\/public\/assets\/assets\/dummy.png\" title=\"The Building\" class=\"rev-slidebg tp-rs-img rs-lazyload\" data-lazyload=\"\/\/www.portedeluxembourg.lu\/wp-content\/uploads\/2019\/03\/Porte_de_Luxembourg_Renering_low.jpg\" data-parallax=\"off\" data-no-retina>\n<!---->\t\t\t\t\t\t<\/rs-slide>\n\t\t\t\t\t\t<rs-slide style=\"position: absolute;\" data-key=\"rs-5\" data-title=\"Slide\" data-thumb=\"\/\/www.portedeluxembourg.lu\/wp-content\/uploads\/2019\/03\/batiment-test-image-3-100x50.jpg\" data-anim=\"ms:600;\" data-in=\"o:0;\" data-out=\"a:false;\">\n\t\t\t\t\t\t\t<img src=\"\/\/www.portedeluxembourg.lu\/wp-content\/plugins\/revslider\/public\/assets\/assets\/dummy.png\" title=\"The Building\" class=\"rev-slidebg tp-rs-img rs-lazyload\" data-lazyload=\"\/\/www.portedeluxembourg.lu\/wp-content\/uploads\/2019\/03\/batiment-test-image-3.jpg\" data-parallax=\"off\" data-no-retina>\n<!---->\t\t\t\t\t\t<\/rs-slide>\n\t\t\t\t\t\t<rs-slide style=\"position: absolute;\" data-key=\"rs-6\" data-title=\"Slide\" data-thumb=\"\/\/www.portedeluxembourg.lu\/wp-content\/uploads\/2019\/03\/batiment-test-image-5-100x50.jpg\" data-anim=\"ms:600;\" data-in=\"o:0;\" data-out=\"a:false;\">\n\t\t\t\t\t\t\t<img src=\"\/\/www.portedeluxembourg.lu\/wp-content\/plugins\/revslider\/public\/assets\/assets\/dummy.png\" title=\"The Building\" class=\"rev-slidebg tp-rs-img rs-lazyload\" data-lazyload=\"\/\/www.portedeluxembourg.lu\/wp-content\/uploads\/2019\/03\/batiment-test-image-5.jpg\" data-parallax=\"off\" data-no-retina>\n<!---->\t\t\t\t\t\t<\/rs-slide>\n\t\t\t\t\t\t<rs-slide style=\"position: absolute;\" data-key=\"rs-8\" data-title=\"Slide\" data-thumb=\"\/\/www.portedeluxembourg.lu\/wp-content\/uploads\/2019\/03\/batiment-test-image-8-100x50.jpg\" data-anim=\"ms:600;\" data-in=\"o:0;\" data-out=\"a:false;\">\n\t\t\t\t\t\t\t<img src=\"\/\/www.portedeluxembourg.lu\/wp-content\/plugins\/revslider\/public\/assets\/assets\/dummy.png\" title=\"The Building\" class=\"rev-slidebg tp-rs-img rs-lazyload\" data-lazyload=\"\/\/www.portedeluxembourg.lu\/wp-content\/uploads\/2019\/03\/batiment-test-image-8.jpg\" data-parallax=\"off\" data-no-retina>\n<!---->\t\t\t\t\t\t<\/rs-slide>\n\t\t\t\t\t\t<rs-slide style=\"position: absolute;\" data-key=\"rs-7\" data-title=\"Slide\" data-thumb=\"\/\/www.portedeluxembourg.lu\/wp-content\/uploads\/2019\/03\/batiment-test-image-6-100x50.jpg\" data-anim=\"ms:600;\" data-in=\"o:0;\" data-out=\"a:false;\">\n\t\t\t\t\t\t\t<img src=\"\/\/www.portedeluxembourg.lu\/wp-content\/plugins\/revslider\/public\/assets\/assets\/dummy.png\" title=\"The Building\" class=\"rev-slidebg tp-rs-img rs-lazyload\" data-lazyload=\"\/\/www.portedeluxembourg.lu\/wp-content\/uploads\/2019\/03\/batiment-test-image-6.jpg\" data-parallax=\"off\" data-no-retina>\n<!---->\t\t\t\t\t\t<\/rs-slide>\n\t\t\t\t\t<\/rs-slides>\n\t\t\t\t<\/rs-module>\n\t\t\t\t<script type=\"text\/javascript\">\n\t\t\t\t\tsetREVStartSize({c: 'rev_slider_2_1',rl:[1240,1024,778,480],el:[],gw:[1240,720,720,720],gh:[800,555,405,405],type:'standard',justify:'',layout:'fullwidth',mh:\"0\"});if (window.RS_MODULES!==undefined && window.RS_MODULES.modules!==undefined && window.RS_MODULES.modules[\"revslider21\"]!==undefined) {window.RS_MODULES.modules[\"revslider21\"].once = false;window.revapi2 = undefined;if (window.RS_MODULES.checkMinimal!==undefined) window.RS_MODULES.checkMinimal()}\n\t\t\t\t<\/script>\n\t\t\t<\/rs-module-wrap>\n\t\t\t<!-- END REVOLUTION SLIDER -->\n[\/vc_column_inner][\/vc_row_inner][\/vc_column][\/vc_row][vc_row remove_margin_bottom=&#8221;yes&#8221; remove_padding_top=&#8221;yes&#8221; css=&#8221;.vc_custom_1635170481796{margin-top: 30px !important;margin-bottom: 0px !important;padding-bottom: 0px !important;}&#8221;][vc_column][vc_column_text]<\/p>\n<h1>A BUILDING<br \/>\nat the cutting edge of technology at the gates of Luxembourg-City<\/h1>\n<p>[\/vc_column_text][vc_row_inner gap=&#8221;35&#8243;][vc_column_inner width=&#8221;1\/2&#8243;][vc_column_text]<span style=\"font-size: 18px;\">\u00ab<strong>Porte de Luxembourg<\/strong>\u00bb is a <strong>new real estate concept<\/strong> located at \u00a0<strong><a href=\"https:\/\/www.google.com\/maps\/place\/60+Route+de+Tr%C3%A8ves,+2633+Senningerberg\/@49.6437734,6.231605,12z\/data=!4m5!3m4!1s0x479545a989905e9b:0x5ce4b50548f6212e!8m2!3d49.6450968!4d6.2237092\" target=\"_blank\" rel=\"noopener noreferrer\">60, route de Tr\u00e8ves \u00e0 Senningerberg &#8211; Luxembourg<\/a><\/strong>, at the gates of the Luxembourg capital and a stone&#8217;s throw from Luxembourg airport. <\/span><\/p>\n<p>Easy to access and completely new, this high-end building consists of top notch premises for rent of a variable surface area <strong>intended for professionals from different fields<\/strong> such as the business sector, international trade, industry, but also banking, insurance, finance, accounting firms, real estate and financial investors or any other professionals wishing to settle in Luxembourg.<\/p>\n<p>The choice of the name &#8220;Porte de Luxembourg&#8221; is not trivial and constitutes a real philosophy and a real strategy for the future at this <strong>strategic location<\/strong>, at the gates of Luxembourg.<\/p>\n<p>The building has <strong>2 passenger lifts<\/strong> and <strong>1 car lift<\/strong>, as well as <strong>14 outdoor parking spaces<\/strong> and <strong>8 indoor parking spaces<\/strong>.[\/vc_column_text][\/vc_column_inner][vc_column_inner width=&#8221;1\/2&#8243;][vc_gallery interval=&#8221;3&#8243; images=&#8221;412,385,846,848,903,871,851,867,863,853,855&#8243; img_size=&#8221;large&#8221;][\/vc_column_inner][\/vc_row_inner][\/vc_column][\/vc_row]<\/p>\n","protected":false},"excerpt":{"rendered":"<p>[vc_row remove_margin_bottom=&#8221;yes&#8221; remove_padding_top=&#8221;yes&#8221; css=&#8221;.vc_custom_1553525929553{margin-bottom: 0px !important;padding-bottom: 0px !important;}&#8221;][vc_column][vc_row_inner gap=&#8221;35&#8243; disable_element=&#8221;yes&#8221;][vc_column_inner width=&#8221;1\/2&#8243;][vc_column_text]\u00abPorte de Luxembourg\u00bb est un nouveau concept immobilier situ\u00e9 au 60, route de Tr\u00e8ves \u00e0 Senningerberg &#8211; Luxembourg, aux portes de la capitale luxembourgeoise et \u00e0 deux pas de l\u2019a\u00e9roport de Luxembourg. Facile d\u2019acc\u00e8s et enti\u00e8rement neuf, ce building se compose de locaux \u00e0 louer [&hellip;]<\/p>\n","protected":false},"author":2,"featured_media":0,"parent":0,"menu_order":-900,"comment_status":"closed","ping_status":"closed","template":"","meta":[],"yoast_head":"<!-- This site is optimized with the Yoast SEO plugin v19.9 - https:\/\/yoast.com\/wordpress\/plugins\/seo\/ -->\n<title>The Building - Porte de Luxembourg<\/title>\n<meta name=\"robots\" content=\"index, follow, max-snippet:-1, max-image-preview:large, max-video-preview:-1\" \/>\n<link rel=\"canonical\" href=\"https:\/\/www.portedeluxembourg.lu\/en\/the-building\/\" \/>\n<meta property=\"og:locale\" content=\"en_US\" \/>\n<meta property=\"og:type\" content=\"article\" \/>\n<meta property=\"og:title\" content=\"The Building - Porte de Luxembourg\" \/>\n<meta property=\"og:description\" content=\"[vc_row remove_margin_bottom=&#8221;yes&#8221; remove_padding_top=&#8221;yes&#8221; css=&#8221;.vc_custom_1553525929553{margin-bottom: 0px !important;padding-bottom: 0px !important;}&#8221;][vc_column][vc_row_inner gap=&#8221;35&#8243; disable_element=&#8221;yes&#8221;][vc_column_inner width=&#8221;1\/2&#8243;][vc_column_text]\u00abPorte de Luxembourg\u00bb est un nouveau concept immobilier situ\u00e9 au 60, route de Tr\u00e8ves \u00e0 Senningerberg &#8211; Luxembourg, aux portes de la capitale luxembourgeoise et \u00e0 deux pas de l\u2019a\u00e9roport de Luxembourg. Facile d\u2019acc\u00e8s et enti\u00e8rement neuf, ce building se compose de locaux \u00e0 louer [&hellip;]\" \/>\n<meta property=\"og:url\" content=\"https:\/\/www.portedeluxembourg.lu\/en\/the-building\/\" \/>\n<meta property=\"og:site_name\" content=\"Porte de Luxembourg\" \/>\n<meta property=\"article:modified_time\" content=\"2021-10-26T09:15:07+00:00\" \/>\n<meta name=\"twitter:card\" content=\"summary_large_image\" \/>\n<meta name=\"twitter:label1\" content=\"Est. reading time\" \/>\n\t<meta name=\"twitter:data1\" content=\"2 minutes\" \/>\n<script type=\"application\/ld+json\" class=\"yoast-schema-graph\">{\"@context\":\"https:\/\/schema.org\",\"@graph\":[{\"@type\":\"WebPage\",\"@id\":\"https:\/\/www.portedeluxembourg.lu\/en\/the-building\/\",\"url\":\"https:\/\/www.portedeluxembourg.lu\/en\/the-building\/\",\"name\":\"The Building - Porte de Luxembourg\",\"isPartOf\":{\"@id\":\"https:\/\/www.portedeluxembourg.lu\/en\/#website\"},\"datePublished\":\"2019-03-21T10:00:36+00:00\",\"dateModified\":\"2021-10-26T09:15:07+00:00\",\"breadcrumb\":{\"@id\":\"https:\/\/www.portedeluxembourg.lu\/en\/the-building\/#breadcrumb\"},\"inLanguage\":\"en-US\",\"potentialAction\":[{\"@type\":\"ReadAction\",\"target\":[\"https:\/\/www.portedeluxembourg.lu\/en\/the-building\/\"]}]},{\"@type\":\"BreadcrumbList\",\"@id\":\"https:\/\/www.portedeluxembourg.lu\/en\/the-building\/#breadcrumb\",\"itemListElement\":[{\"@type\":\"ListItem\",\"position\":1,\"name\":\"Home\",\"item\":\"https:\/\/www.portedeluxembourg.lu\/en\/\"},{\"@type\":\"ListItem\",\"position\":2,\"name\":\"The Building\"}]},{\"@type\":\"WebSite\",\"@id\":\"https:\/\/www.portedeluxembourg.lu\/en\/#website\",\"url\":\"https:\/\/www.portedeluxembourg.lu\/en\/\",\"name\":\"Porte de Luxembourg\",\"description\":\"\",\"publisher\":{\"@id\":\"https:\/\/www.portedeluxembourg.lu\/en\/#organization\"},\"potentialAction\":[{\"@type\":\"SearchAction\",\"target\":{\"@type\":\"EntryPoint\",\"urlTemplate\":\"https:\/\/www.portedeluxembourg.lu\/en\/?s={search_term_string}\"},\"query-input\":\"required name=search_term_string\"}],\"inLanguage\":\"en-US\"},{\"@type\":\"Organization\",\"@id\":\"https:\/\/www.portedeluxembourg.lu\/en\/#organization\",\"name\":\"Porte de Luxembourg - Gate to Luxembourg\",\"url\":\"https:\/\/www.portedeluxembourg.lu\/en\/\",\"logo\":{\"@type\":\"ImageObject\",\"inLanguage\":\"en-US\",\"@id\":\"https:\/\/www.portedeluxembourg.lu\/en\/#\/schema\/logo\/image\/\",\"url\":\"https:\/\/www.portedeluxembourg.lu\/wp-content\/uploads\/2019\/03\/Logo-Porte-de-Luxembourg-trasparent.png\",\"contentUrl\":\"https:\/\/www.portedeluxembourg.lu\/wp-content\/uploads\/2019\/03\/Logo-Porte-de-Luxembourg-trasparent.png\",\"width\":366,\"height\":140,\"caption\":\"Porte de Luxembourg - Gate to Luxembourg\"},\"image\":{\"@id\":\"https:\/\/www.portedeluxembourg.lu\/en\/#\/schema\/logo\/image\/\"}}]}<\/script>\n<!-- \/ Yoast SEO plugin. -->","yoast_head_json":{"title":"The Building - Porte de Luxembourg","robots":{"index":"index","follow":"follow","max-snippet":"max-snippet:-1","max-image-preview":"max-image-preview:large","max-video-preview":"max-video-preview:-1"},"canonical":"https:\/\/www.portedeluxembourg.lu\/en\/the-building\/","og_locale":"en_US","og_type":"article","og_title":"The Building - Porte de Luxembourg","og_description":"[vc_row remove_margin_bottom=&#8221;yes&#8221; remove_padding_top=&#8221;yes&#8221; css=&#8221;.vc_custom_1553525929553{margin-bottom: 0px !important;padding-bottom: 0px !important;}&#8221;][vc_column][vc_row_inner gap=&#8221;35&#8243; disable_element=&#8221;yes&#8221;][vc_column_inner width=&#8221;1\/2&#8243;][vc_column_text]\u00abPorte de Luxembourg\u00bb est un nouveau concept immobilier situ\u00e9 au 60, route de Tr\u00e8ves \u00e0 Senningerberg &#8211; Luxembourg, aux portes de la capitale luxembourgeoise et \u00e0 deux pas de l\u2019a\u00e9roport de Luxembourg. Facile d\u2019acc\u00e8s et enti\u00e8rement neuf, ce building se compose de locaux \u00e0 louer [&hellip;]","og_url":"https:\/\/www.portedeluxembourg.lu\/en\/the-building\/","og_site_name":"Porte de Luxembourg","article_modified_time":"2021-10-26T09:15:07+00:00","twitter_card":"summary_large_image","twitter_misc":{"Est. reading time":"2 minutes"},"schema":{"@context":"https:\/\/schema.org","@graph":[{"@type":"WebPage","@id":"https:\/\/www.portedeluxembourg.lu\/en\/the-building\/","url":"https:\/\/www.portedeluxembourg.lu\/en\/the-building\/","name":"The Building - Porte de Luxembourg","isPartOf":{"@id":"https:\/\/www.portedeluxembourg.lu\/en\/#website"},"datePublished":"2019-03-21T10:00:36+00:00","dateModified":"2021-10-26T09:15:07+00:00","breadcrumb":{"@id":"https:\/\/www.portedeluxembourg.lu\/en\/the-building\/#breadcrumb"},"inLanguage":"en-US","potentialAction":[{"@type":"ReadAction","target":["https:\/\/www.portedeluxembourg.lu\/en\/the-building\/"]}]},{"@type":"BreadcrumbList","@id":"https:\/\/www.portedeluxembourg.lu\/en\/the-building\/#breadcrumb","itemListElement":[{"@type":"ListItem","position":1,"name":"Home","item":"https:\/\/www.portedeluxembourg.lu\/en\/"},{"@type":"ListItem","position":2,"name":"The Building"}]},{"@type":"WebSite","@id":"https:\/\/www.portedeluxembourg.lu\/en\/#website","url":"https:\/\/www.portedeluxembourg.lu\/en\/","name":"Porte de Luxembourg","description":"","publisher":{"@id":"https:\/\/www.portedeluxembourg.lu\/en\/#organization"},"potentialAction":[{"@type":"SearchAction","target":{"@type":"EntryPoint","urlTemplate":"https:\/\/www.portedeluxembourg.lu\/en\/?s={search_term_string}"},"query-input":"required name=search_term_string"}],"inLanguage":"en-US"},{"@type":"Organization","@id":"https:\/\/www.portedeluxembourg.lu\/en\/#organization","name":"Porte de Luxembourg - Gate to Luxembourg","url":"https:\/\/www.portedeluxembourg.lu\/en\/","logo":{"@type":"ImageObject","inLanguage":"en-US","@id":"https:\/\/www.portedeluxembourg.lu\/en\/#\/schema\/logo\/image\/","url":"https:\/\/www.portedeluxembourg.lu\/wp-content\/uploads\/2019\/03\/Logo-Porte-de-Luxembourg-trasparent.png","contentUrl":"https:\/\/www.portedeluxembourg.lu\/wp-content\/uploads\/2019\/03\/Logo-Porte-de-Luxembourg-trasparent.png","width":366,"height":140,"caption":"Porte de Luxembourg - Gate to Luxembourg"},"image":{"@id":"https:\/\/www.portedeluxembourg.lu\/en\/#\/schema\/logo\/image\/"}}]}},"_links":{"self":[{"href":"https:\/\/www.portedeluxembourg.lu\/en\/wp-json\/wp\/v2\/pages\/932"}],"collection":[{"href":"https:\/\/www.portedeluxembourg.lu\/en\/wp-json\/wp\/v2\/pages"}],"about":[{"href":"https:\/\/www.portedeluxembourg.lu\/en\/wp-json\/wp\/v2\/types\/page"}],"author":[{"embeddable":true,"href":"https:\/\/www.portedeluxembourg.lu\/en\/wp-json\/wp\/v2\/users\/2"}],"replies":[{"embeddable":true,"href":"https:\/\/www.portedeluxembourg.lu\/en\/wp-json\/wp\/v2\/comments?post=932"}],"version-history":[{"count":7,"href":"https:\/\/www.portedeluxembourg.lu\/en\/wp-json\/wp\/v2\/pages\/932\/revisions"}],"predecessor-version":[{"id":963,"href":"https:\/\/www.portedeluxembourg.lu\/en\/wp-json\/wp\/v2\/pages\/932\/revisions\/963"}],"wp:attachment":[{"href":"https:\/\/www.portedeluxembourg.lu\/en\/wp-json\/wp\/v2\/media?parent=932"}],"curies":[{"name":"wp","href":"https:\/\/api.w.org\/{rel}","templated":true}]}}